{"id":889,"date":"2020-03-25T19:38:02","date_gmt":"2020-03-25T19:38:02","guid":{"rendered":"http:\/\/donmelchor.com\/terroir\/"},"modified":"2024-07-23T17:13:50","modified_gmt":"2024-07-23T20:13:50","slug":"terroir","status":"publish","type":"page","link":"https:\/\/donmelchor.com\/pt-pt\/terroir\/","title":{"rendered":"Terroir"},"content":{"rendered":"","protected":false},"excerpt":{"rendered":"","protected":false},"author":10,"featured_media":0,"parent":0,"menu_order":38,"comment_status":"closed","ping_status":"closed","template":"","meta":{"_acf_changed":false,"footnotes":""},"class_list":["post-889","page","type-page","status-publish","hentry"],"acf":[],"yoast_head":"<!-- This site is optimized with the Yoast SEO plugin v26.7 - https:\/\/yoast.com\/wordpress\/plugins\/seo\/ -->\n<title>Terroir - Don Melchor<\/title>\n<meta name=\"description\" content=\"A D.O. Puente Alto \u00e9 um terroir privilegiado, marcado pela singular combina\u00e7\u00e3o de solo, condi\u00e7\u00f5es clim\u00e1ticas...\" \/>\n<meta name=\"robots\" content=\"index, follow, max-snippet:-1, max-image-preview:large, max-video-preview:-1\" \/>\n<link rel=\"canonical\" href=\"https:\/\/donmelchor.com\/pt-pt\/terroir\/\" \/>\n<meta property=\"og:locale\" content=\"pt_PT\" \/>\n<meta property=\"og:type\" content=\"article\" \/>\n<meta property=\"og:title\" content=\"Terroir - Don Melchor\" \/>\n<meta property=\"og:description\" content=\"A D.O. Puente Alto \u00e9 um terroir privilegiado, marcado pela singular combina\u00e7\u00e3o de solo, condi\u00e7\u00f5es clim\u00e1ticas...\" \/>\n<meta property=\"og:url\" content=\"https:\/\/donmelchor.com\/pt-pt\/terroir\/\" \/>\n<meta property=\"og:site_name\" content=\"Don Melchor\" \/>\n<meta property=\"article:modified_time\" content=\"2024-07-23T20:13:50+00:00\" \/>\n<meta property=\"og:image\" content=\"https:\/\/donmelchor.com\/wp-content\/uploads\/2023\/11\/descarga.jpg\" \/>\n\t<meta property=\"og:image:width\" content=\"250\" \/>\n\t<meta property=\"og:image:height\" content=\"250\" \/>\n\t<meta property=\"og:image:type\" content=\"image\/jpeg\" \/>\n<meta name=\"twitter:card\" content=\"summary_large_image\" \/>\n<!-- \/ Yoast SEO plugin. -->","yoast_head_json":{"title":"Terroir - Don Melchor","description":"A D.O. Puente Alto \u00e9 um terroir privilegiado, marcado pela singular combina\u00e7\u00e3o de solo, condi\u00e7\u00f5es clim\u00e1ticas...","robots":{"index":"index","follow":"follow","max-snippet":"max-snippet:-1","max-image-preview":"max-image-preview:large","max-video-preview":"max-video-preview:-1"},"canonical":"https:\/\/donmelchor.com\/pt-pt\/terroir\/","og_locale":"pt_PT","og_type":"article","og_title":"Terroir - Don Melchor","og_description":"A D.O. Puente Alto \u00e9 um terroir privilegiado, marcado pela singular combina\u00e7\u00e3o de solo, condi\u00e7\u00f5es clim\u00e1ticas...","og_url":"https:\/\/donmelchor.com\/pt-pt\/terroir\/","og_site_name":"Don Melchor","article_modified_time":"2024-07-23T20:13:50+00:00","og_image":[{"width":250,"height":250,"url":"https:\/\/donmelchor.com\/wp-content\/uploads\/2023\/11\/descarga.jpg","type":"image\/jpeg"}],"twitter_card":"summary_large_image","schema":{"@context":"https:\/\/schema.org","@graph":[{"@type":"WebPage","@id":"https:\/\/donmelchor.com\/pt-pt\/terroir\/","url":"https:\/\/donmelchor.com\/pt-pt\/terroir\/","name":"Terroir - Don Melchor","isPartOf":{"@id":"https:\/\/donmelchor.com\/#website"},"datePublished":"2020-03-25T19:38:02+00:00","dateModified":"2024-07-23T20:13:50+00:00","description":"A D.O. Puente Alto \u00e9 um terroir privilegiado, marcado pela singular combina\u00e7\u00e3o de solo, condi\u00e7\u00f5es clim\u00e1ticas...","inLanguage":"pt-PT","potentialAction":[{"@type":"ReadAction","target":["https:\/\/donmelchor.com\/pt-pt\/terroir\/"]}]},{"@type":"WebSite","@id":"https:\/\/donmelchor.com\/#website","url":"https:\/\/donmelchor.com\/","name":"Don Melchor","description":"El Cabernet Sauvignon \u00edcono de Puente Alto","potentialAction":[{"@type":"SearchAction","target":{"@type":"EntryPoint","urlTemplate":"https:\/\/donmelchor.com\/?s={search_term_string}"},"query-input":{"@type":"PropertyValueSpecification","valueRequired":true,"valueName":"search_term_string"}}],"inLanguage":"pt-PT"}]}},"_links":{"self":[{"href":"https:\/\/donmelchor.com\/pt-pt\/wp-json\/wp\/v2\/pages\/889","targetHints":{"allow":["GET"]}}],"collection":[{"href":"https:\/\/donmelchor.com\/pt-pt\/wp-json\/wp\/v2\/pages"}],"about":[{"href":"https:\/\/donmelchor.com\/pt-pt\/wp-json\/wp\/v2\/types\/page"}],"author":[{"embeddable":true,"href":"https:\/\/donmelchor.com\/pt-pt\/wp-json\/wp\/v2\/users\/10"}],"replies":[{"embeddable":true,"href":"https:\/\/donmelchor.com\/pt-pt\/wp-json\/wp\/v2\/comments?post=889"}],"version-history":[{"count":10,"href":"https:\/\/donmelchor.com\/pt-pt\/wp-json\/wp\/v2\/pages\/889\/revisions"}],"predecessor-version":[{"id":7905,"href":"https:\/\/donmelchor.com\/pt-pt\/wp-json\/wp\/v2\/pages\/889\/revisions\/7905"}],"wp:attachment":[{"href":"https:\/\/donmelchor.com\/pt-pt\/wp-json\/wp\/v2\/media?parent=889"}],"curies":[{"name":"wp","href":"https:\/\/api.w.org\/{rel}","templated":true}]}}