{"id":853,"date":"2020-03-25T21:19:23","date_gmt":"2020-03-25T21:19:23","guid":{"rendered":"http:\/\/donmelchor.com\/contact\/"},"modified":"2024-03-12T17:19:08","modified_gmt":"2024-03-12T20:19:08","slug":"contact","status":"publish","type":"page","link":"https:\/\/donmelchor.com\/pt-pt\/contact\/","title":{"rendered":"Contato"},"content":{"rendered":"<p><span class=\"fabric-text-color-mark\" data-renderer-mark=\"true\" data-text-custom-color=\"#172b4d\">Se voc\u00ea est\u00e1 procurando saber mais sobre o Cabernet Sauvignon High Bridge Icon ou tem d\u00favidas sobre experi\u00eancias ou outros, por favor preencha o formul\u00e1rio e deixe-nos sua mensagem. Teremos todo o prazer em contactar-te para te ajudar.<\/span><\/p>\n","protected":false},"excerpt":{"rendered":"<p>Se voc\u00ea est\u00e1 procurando saber mais sobre o Cabernet Sauvignon High Bridge Icon ou tem d\u00favidas sobre experi\u00eancias ou outros, por favor preencha o formul\u00e1rio e deixe-nos sua mensagem. Teremos todo o prazer em contactar-te para te ajudar.<\/p>\n","protected":false},"author":10,"featured_media":0,"parent":0,"menu_order":26,"comment_status":"closed","ping_status":"closed","template":"","meta":{"_acf_changed":false,"footnotes":""},"class_list":["post-853","page","type-page","status-publish","hentry"],"acf":[],"yoast_head":"<!-- This site is optimized with the Yoast SEO plugin v26.7 - https:\/\/yoast.com\/wordpress\/plugins\/seo\/ -->\n<title>Contato - Don Melchor<\/title>\n<meta name=\"robots\" content=\"index, follow, max-snippet:-1, max-image-preview:large, max-video-preview:-1\" \/>\n<link rel=\"canonical\" href=\"https:\/\/donmelchor.com\/pt-pt\/contact\/\" \/>\n<meta property=\"og:locale\" content=\"pt_PT\" \/>\n<meta property=\"og:type\" content=\"article\" \/>\n<meta property=\"og:title\" content=\"Contato - Don Melchor\" \/>\n<meta property=\"og:description\" content=\"Se voc\u00ea est\u00e1 procurando saber mais sobre o Cabernet Sauvignon High Bridge Icon ou tem d\u00favidas sobre experi\u00eancias ou outros, por favor preencha o formul\u00e1rio e deixe-nos sua mensagem. Teremos todo o prazer em contactar-te para te ajudar.\" \/>\n<meta property=\"og:url\" content=\"https:\/\/donmelchor.com\/pt-pt\/contact\/\" \/>\n<meta property=\"og:site_name\" content=\"Don Melchor\" \/>\n<meta property=\"article:modified_time\" content=\"2024-03-12T20:19:08+00:00\" \/>\n<meta property=\"og:image\" content=\"https:\/\/donmelchor.com\/wp-content\/uploads\/2023\/11\/descarga.jpg\" \/>\n\t<meta property=\"og:image:width\" content=\"250\" \/>\n\t<meta property=\"og:image:height\" content=\"250\" \/>\n\t<meta property=\"og:image:type\" content=\"image\/jpeg\" \/>\n<meta name=\"twitter:card\" content=\"summary_large_image\" \/>\n<meta name=\"twitter:label1\" content=\"Tempo estimado de leitura\" \/>\n\t<meta name=\"twitter:data1\" content=\"1 minuto\" \/>\n<!-- \/ Yoast SEO plugin. -->","yoast_head_json":{"title":"Contato - Don Melchor","robots":{"index":"index","follow":"follow","max-snippet":"max-snippet:-1","max-image-preview":"max-image-preview:large","max-video-preview":"max-video-preview:-1"},"canonical":"https:\/\/donmelchor.com\/pt-pt\/contact\/","og_locale":"pt_PT","og_type":"article","og_title":"Contato - Don Melchor","og_description":"Se voc\u00ea est\u00e1 procurando saber mais sobre o Cabernet Sauvignon High Bridge Icon ou tem d\u00favidas sobre experi\u00eancias ou outros, por favor preencha o formul\u00e1rio e deixe-nos sua mensagem. Teremos todo o prazer em contactar-te para te ajudar.","og_url":"https:\/\/donmelchor.com\/pt-pt\/contact\/","og_site_name":"Don Melchor","article_modified_time":"2024-03-12T20:19:08+00:00","og_image":[{"width":250,"height":250,"url":"https:\/\/donmelchor.com\/wp-content\/uploads\/2023\/11\/descarga.jpg","type":"image\/jpeg"}],"twitter_card":"summary_large_image","twitter_misc":{"Tempo estimado de leitura":"1 minuto"},"schema":{"@context":"https:\/\/schema.org","@graph":[{"@type":"WebPage","@id":"https:\/\/donmelchor.com\/pt-pt\/contact\/","url":"https:\/\/donmelchor.com\/pt-pt\/contact\/","name":"Contato - Don Melchor","isPartOf":{"@id":"https:\/\/donmelchor.com\/#website"},"datePublished":"2020-03-25T21:19:23+00:00","dateModified":"2024-03-12T20:19:08+00:00","inLanguage":"pt-PT","potentialAction":[{"@type":"ReadAction","target":["https:\/\/donmelchor.com\/pt-pt\/contact\/"]}]},{"@type":"WebSite","@id":"https:\/\/donmelchor.com\/#website","url":"https:\/\/donmelchor.com\/","name":"Don Melchor","description":"El Cabernet Sauvignon \u00edcono de Puente Alto","potentialAction":[{"@type":"SearchAction","target":{"@type":"EntryPoint","urlTemplate":"https:\/\/donmelchor.com\/?s={search_term_string}"},"query-input":{"@type":"PropertyValueSpecification","valueRequired":true,"valueName":"search_term_string"}}],"inLanguage":"pt-PT"}]}},"_links":{"self":[{"href":"https:\/\/donmelchor.com\/pt-pt\/wp-json\/wp\/v2\/pages\/853","targetHints":{"allow":["GET"]}}],"collection":[{"href":"https:\/\/donmelchor.com\/pt-pt\/wp-json\/wp\/v2\/pages"}],"about":[{"href":"https:\/\/donmelchor.com\/pt-pt\/wp-json\/wp\/v2\/types\/page"}],"author":[{"embeddable":true,"href":"https:\/\/donmelchor.com\/pt-pt\/wp-json\/wp\/v2\/users\/10"}],"replies":[{"embeddable":true,"href":"https:\/\/donmelchor.com\/pt-pt\/wp-json\/wp\/v2\/comments?post=853"}],"version-history":[{"count":5,"href":"https:\/\/donmelchor.com\/pt-pt\/wp-json\/wp\/v2\/pages\/853\/revisions"}],"predecessor-version":[{"id":6636,"href":"https:\/\/donmelchor.com\/pt-pt\/wp-json\/wp\/v2\/pages\/853\/revisions\/6636"}],"wp:attachment":[{"href":"https:\/\/donmelchor.com\/pt-pt\/wp-json\/wp\/v2\/media?parent=853"}],"curies":[{"name":"wp","href":"https:\/\/api.w.org\/{rel}","templated":true}]}}