{"id":7978,"date":"2024-08-07T09:40:48","date_gmt":"2024-08-07T12:40:48","guid":{"rendered":"https:\/\/donmelchor.com\/?page_id=7978"},"modified":"2025-11-19T12:31:36","modified_gmt":"2025-11-19T15:31:36","slug":"reserva","status":"publish","type":"page","link":"https:\/\/donmelchor.com\/pt-pt\/reserva\/","title":{"rendered":"Solicita\u00e7\u00e3o de pr\u00e9-agendamento"},"content":{"rendered":"","protected":false},"excerpt":{"rendered":"","protected":false},"author":12,"featured_media":0,"parent":0,"menu_order":13,"comment_status":"closed","ping_status":"closed","template":"","meta":{"_acf_changed":false,"footnotes":""},"class_list":["post-7978","page","type-page","status-publish","hentry"],"acf":[],"yoast_head":"<!-- This site is optimized with the Yoast SEO plugin v27.4 - https:\/\/yoast.com\/product\/yoast-seo-wordpress\/ -->\n<title>Solicita\u00e7\u00e3o de pr\u00e9-agendamento - Don Melchor<\/title>\n<meta name=\"robots\" content=\"index, follow, max-snippet:-1, max-image-preview:large, max-video-preview:-1\" \/>\n<link rel=\"canonical\" href=\"https:\/\/donmelchor.com\/pt-pt\/reserva\/\" \/>\n<meta property=\"og:locale\" content=\"pt_PT\" \/>\n<meta property=\"og:type\" content=\"article\" \/>\n<meta property=\"og:title\" content=\"Solicita\u00e7\u00e3o de pr\u00e9-agendamento - Don Melchor\" \/>\n<meta property=\"og:url\" content=\"https:\/\/donmelchor.com\/pt-pt\/reserva\/\" \/>\n<meta property=\"og:site_name\" content=\"Don Melchor\" \/>\n<meta property=\"article:modified_time\" content=\"2025-11-19T15:31:36+00:00\" \/>\n<meta property=\"og:image\" content=\"https:\/\/donmelchor.com\/wp-content\/uploads\/2023\/11\/descarga.jpg\" \/>\n\t<meta property=\"og:image:width\" content=\"250\" \/>\n\t<meta property=\"og:image:height\" content=\"250\" \/>\n\t<meta property=\"og:image:type\" content=\"image\/jpeg\" \/>\n<meta name=\"twitter:card\" content=\"summary_large_image\" \/>\n<!-- \/ Yoast SEO plugin. -->","yoast_head_json":{"title":"Solicita\u00e7\u00e3o de pr\u00e9-agendamento - Don Melchor","robots":{"index":"index","follow":"follow","max-snippet":"max-snippet:-1","max-image-preview":"max-image-preview:large","max-video-preview":"max-video-preview:-1"},"canonical":"https:\/\/donmelchor.com\/pt-pt\/reserva\/","og_locale":"pt_PT","og_type":"article","og_title":"Solicita\u00e7\u00e3o de pr\u00e9-agendamento - Don Melchor","og_url":"https:\/\/donmelchor.com\/pt-pt\/reserva\/","og_site_name":"Don Melchor","article_modified_time":"2025-11-19T15:31:36+00:00","og_image":[{"width":250,"height":250,"url":"https:\/\/donmelchor.com\/wp-content\/uploads\/2023\/11\/descarga.jpg","type":"image\/jpeg"}],"twitter_card":"summary_large_image","schema":{"@context":"https:\/\/schema.org","@graph":[{"@type":"WebPage","@id":"https:\/\/donmelchor.com\/pt-pt\/reserva\/","url":"https:\/\/donmelchor.com\/pt-pt\/reserva\/","name":"Solicita\u00e7\u00e3o de pr\u00e9-agendamento - Don Melchor","isPartOf":{"@id":"https:\/\/donmelchor.com\/#website"},"datePublished":"2024-08-07T12:40:48+00:00","dateModified":"2025-11-19T15:31:36+00:00","inLanguage":"pt-PT","potentialAction":[{"@type":"ReadAction","target":["https:\/\/donmelchor.com\/pt-pt\/reserva\/"]}]},{"@type":"WebSite","@id":"https:\/\/donmelchor.com\/#website","url":"https:\/\/donmelchor.com\/","name":"Don Melchor","description":"El Cabernet Sauvignon \u00edcono de Puente Alto","potentialAction":[{"@type":"SearchAction","target":{"@type":"EntryPoint","urlTemplate":"https:\/\/donmelchor.com\/?s={search_term_string}"},"query-input":{"@type":"PropertyValueSpecification","valueRequired":true,"valueName":"search_term_string"}}],"inLanguage":"pt-PT"}]}},"_links":{"self":[{"href":"https:\/\/donmelchor.com\/pt-pt\/wp-json\/wp\/v2\/pages\/7978","targetHints":{"allow":["GET"]}}],"collection":[{"href":"https:\/\/donmelchor.com\/pt-pt\/wp-json\/wp\/v2\/pages"}],"about":[{"href":"https:\/\/donmelchor.com\/pt-pt\/wp-json\/wp\/v2\/types\/page"}],"author":[{"embeddable":true,"href":"https:\/\/donmelchor.com\/pt-pt\/wp-json\/wp\/v2\/users\/12"}],"replies":[{"embeddable":true,"href":"https:\/\/donmelchor.com\/pt-pt\/wp-json\/wp\/v2\/comments?post=7978"}],"version-history":[{"count":4,"href":"https:\/\/donmelchor.com\/pt-pt\/wp-json\/wp\/v2\/pages\/7978\/revisions"}],"predecessor-version":[{"id":12150,"href":"https:\/\/donmelchor.com\/pt-pt\/wp-json\/wp\/v2\/pages\/7978\/revisions\/12150"}],"wp:attachment":[{"href":"https:\/\/donmelchor.com\/pt-pt\/wp-json\/wp\/v2\/media?parent=7978"}],"curies":[{"name":"wp","href":"https:\/\/api.w.org\/{rel}","templated":true}]}}