{"id":737,"date":"2020-03-11T18:26:29","date_gmt":"2020-03-11T18:26:29","guid":{"rendered":"http:\/\/donmelchor.com\/inicio\/"},"modified":"2026-04-13T15:40:56","modified_gmt":"2026-04-13T18:40:56","slug":"inicio","status":"publish","type":"page","link":"https:\/\/donmelchor.com\/pt-pt\/","title":{"rendered":"Inicio"},"content":{"rendered":"","protected":false},"excerpt":{"rendered":"","protected":false},"author":10,"featured_media":0,"parent":0,"menu_order":33,"comment_status":"closed","ping_status":"closed","template":"","meta":{"_acf_changed":false,"footnotes":""},"class_list":["post-737","page","type-page","status-publish","hentry"],"acf":[],"yoast_head":"<!-- This site is optimized with the Yoast SEO plugin v26.7 - https:\/\/yoast.com\/wordpress\/plugins\/seo\/ -->\n<title>Vi\u00f1a Don Melchor - A beleza da composi\u00e7\u00e3o<\/title>\n<meta name=\"description\" content=\"Don Melchor, o primeiro vinho \u00edcone da ind\u00fastria chilena, conta com 35 safras, todas elas reconhecidas pela cr\u00edtica mundial.\" \/>\n<meta name=\"robots\" content=\"index, follow, max-snippet:-1, max-image-preview:large, max-video-preview:-1\" \/>\n<link rel=\"canonical\" href=\"https:\/\/donmelchor.com\/pt-pt\/\" \/>\n<meta property=\"og:locale\" content=\"pt_PT\" \/>\n<meta property=\"og:type\" content=\"article\" \/>\n<meta property=\"og:title\" content=\"Vi\u00f1a Don Melchor - A beleza da composi\u00e7\u00e3o\" \/>\n<meta property=\"og:description\" content=\"A beleza da composi\u00e7\u00e3o no Don Melchor \u00e9 entrela\u00e7ar os sabores e aromas e as emo\u00e7\u00f5es que os diferentes lotes de Cabernet Sauvignon produzem.\" \/>\n<meta property=\"og:url\" content=\"https:\/\/donmelchor.com\/pt-pt\/\" \/>\n<meta property=\"og:site_name\" content=\"Don Melchor\" \/>\n<meta property=\"article:modified_time\" content=\"2026-04-13T18:40:56+00:00\" \/>\n<meta property=\"og:image\" content=\"https:\/\/donmelchor.com\/wp-content\/uploads\/2023\/11\/descarga.jpg\" \/>\n\t<meta property=\"og:image:width\" content=\"250\" \/>\n\t<meta property=\"og:image:height\" content=\"250\" \/>\n\t<meta property=\"og:image:type\" content=\"image\/jpeg\" \/>\n<meta name=\"twitter:card\" content=\"summary_large_image\" \/>\n<!-- \/ Yoast SEO plugin. -->","yoast_head_json":{"title":"Vi\u00f1a Don Melchor - A beleza da composi\u00e7\u00e3o","description":"Don Melchor, o primeiro vinho \u00edcone da ind\u00fastria chilena, conta com 35 safras, todas elas reconhecidas pela cr\u00edtica mundial.","robots":{"index":"index","follow":"follow","max-snippet":"max-snippet:-1","max-image-preview":"max-image-preview:large","max-video-preview":"max-video-preview:-1"},"canonical":"https:\/\/donmelchor.com\/pt-pt\/","og_locale":"pt_PT","og_type":"article","og_title":"Vi\u00f1a Don Melchor - A beleza da composi\u00e7\u00e3o","og_description":"A beleza da composi\u00e7\u00e3o no Don Melchor \u00e9 entrela\u00e7ar os sabores e aromas e as emo\u00e7\u00f5es que os diferentes lotes de Cabernet Sauvignon produzem.","og_url":"https:\/\/donmelchor.com\/pt-pt\/","og_site_name":"Don Melchor","article_modified_time":"2026-04-13T18:40:56+00:00","og_image":[{"width":250,"height":250,"url":"https:\/\/donmelchor.com\/wp-content\/uploads\/2023\/11\/descarga.jpg","type":"image\/jpeg"}],"twitter_card":"summary_large_image","schema":{"@context":"https:\/\/schema.org","@graph":[{"@type":"WebPage","@id":"https:\/\/donmelchor.com\/pt-pt\/","url":"https:\/\/donmelchor.com\/pt-pt\/","name":"Vi\u00f1a Don Melchor - A beleza da composi\u00e7\u00e3o","isPartOf":{"@id":"https:\/\/donmelchor.com\/#website"},"datePublished":"2020-03-11T18:26:29+00:00","dateModified":"2026-04-13T18:40:56+00:00","description":"Don Melchor, o primeiro vinho \u00edcone da ind\u00fastria chilena, conta com 35 safras, todas elas reconhecidas pela cr\u00edtica mundial.","inLanguage":"pt-PT","potentialAction":[{"@type":"ReadAction","target":["https:\/\/donmelchor.com\/pt-pt\/"]}]},{"@type":"WebSite","@id":"https:\/\/donmelchor.com\/#website","url":"https:\/\/donmelchor.com\/","name":"Don Melchor","description":"El Cabernet Sauvignon \u00edcono de Puente Alto","potentialAction":[{"@type":"SearchAction","target":{"@type":"EntryPoint","urlTemplate":"https:\/\/donmelchor.com\/?s={search_term_string}"},"query-input":{"@type":"PropertyValueSpecification","valueRequired":true,"valueName":"search_term_string"}}],"inLanguage":"pt-PT"}]}},"_links":{"self":[{"href":"https:\/\/donmelchor.com\/pt-pt\/wp-json\/wp\/v2\/pages\/737","targetHints":{"allow":["GET"]}}],"collection":[{"href":"https:\/\/donmelchor.com\/pt-pt\/wp-json\/wp\/v2\/pages"}],"about":[{"href":"https:\/\/donmelchor.com\/pt-pt\/wp-json\/wp\/v2\/types\/page"}],"author":[{"embeddable":true,"href":"https:\/\/donmelchor.com\/pt-pt\/wp-json\/wp\/v2\/users\/10"}],"replies":[{"embeddable":true,"href":"https:\/\/donmelchor.com\/pt-pt\/wp-json\/wp\/v2\/comments?post=737"}],"version-history":[{"count":89,"href":"https:\/\/donmelchor.com\/pt-pt\/wp-json\/wp\/v2\/pages\/737\/revisions"}],"predecessor-version":[{"id":13495,"href":"https:\/\/donmelchor.com\/pt-pt\/wp-json\/wp\/v2\/pages\/737\/revisions\/13495"}],"wp:attachment":[{"href":"https:\/\/donmelchor.com\/pt-pt\/wp-json\/wp\/v2\/media?parent=737"}],"curies":[{"name":"wp","href":"https:\/\/api.w.org\/{rel}","templated":true}]}}