{"id":6785,"date":"2024-03-28T12:37:15","date_gmt":"2024-03-28T15:37:15","guid":{"rendered":"https:\/\/donmelchor.com\/?page_id=6785"},"modified":"2024-04-02T13:33:37","modified_gmt":"2024-04-02T16:33:37","slug":"personal-data-protection","status":"publish","type":"page","link":"https:\/\/donmelchor.com\/pt-pt\/personal-data-protection\/","title":{"rendered":"Prote\u00e7\u00e3o de dados pessoais"},"content":{"rendered":"<h2>Prote\u00e7\u00e3o de dados pessoais (GDPR)<\/h2>\n<p>&nbsp;<\/p>\n<h4>Autorizo expressamente, de forma livre e informada, a Vi\u00f1a Concha y Toro e as empresas e filiais que comp\u00f5em o grupo, doravante \u201cConcha y Toro\u201d ou a \u201cEmpresa\u201d, a tratar os meus dados pessoais para efetuar uma presta\u00e7\u00e3o adequada dos servi\u00e7os e produtos contratados pelo titular dos dados. Da mesma forma, autorizo o tratamento de dados pessoais para fins comerciais, a fim de me oferecer os servi\u00e7os e produtos que s\u00e3o comercializados por Vi\u00f1a Concha y Toro S.A. e suas subsidi\u00e1rias, nacionais e estrangeiras; benef\u00edcios associados a programas de fidelidade; inform\u00e1-lo sobre eventos e sorteios, descontos, pesquisas de satisfa\u00e7\u00e3o, todos eles realizados por meio de e-mail, mensagens de texto (SMS), notifica\u00e7\u00f5es em aplicativos m\u00f3veis, redes sociais, liga\u00e7\u00f5es telef\u00f4nicas, entre outros tipos de comunica\u00e7\u00e3o. Autorizo o uso de meus dados para desenvolver modelos comportamentais e de previs\u00e3o, bem como utiliz\u00e1-los para fins estat\u00edsticos, hist\u00f3ricos, pesquisas de mercado, entre outros, casos em que os dados ser\u00e3o utilizados de forma an\u00f4nima, ou seja, n\u00e3o ser\u00e1 poss\u00edvel para identificar a identidade da pessoa a quem pertencem. Autorizo a Concha y Toro a realizar controlos sobre a legalidade e\/ou veracidade das informa\u00e7\u00f5es que prestei. Portanto, isento a empresa de qualquer responsabilidade por qualquer infra\u00e7\u00e3o e\/ou dano derivado da ilegalidade, ilegitimidade, altera\u00e7\u00e3o, uso indevido, fraude ou san\u00e7\u00e3o em rela\u00e7\u00e3o \u00e0s informa\u00e7\u00f5es que forne\u00e7o. Autorizo o compartilhamento de minhas informa\u00e7\u00f5es pessoais nas seguintes situa\u00e7\u00f5es:<\/h4>\n<ul>\n<li>Com fornecedores que prestam servi\u00e7os necess\u00e1rios para fornecer produtos e servi\u00e7os \u00e0 empresa.<\/li>\n<li>Com empresas relacionadas e o grupo de empresas cuja matriz \u00e9 a Concha y Toro S.A., no Chile e no exterior, para oferecer e fornecer informa\u00e7\u00f5es sobre os produtos e servi\u00e7os das empresas do Grupo.<\/li>\n<li>Atualizar o estado das rela\u00e7\u00f5es contratuais e cumprir as obriga\u00e7\u00f5es acordadas.<\/li>\n<\/ul>\n<p>&nbsp;<\/p>\n","protected":false},"excerpt":{"rendered":"<p>Prote\u00e7\u00e3o de dados pessoais (GDPR) &nbsp; Autorizo expressamente, de forma livre e informada, a Vi\u00f1a Concha y Toro e as empresas e filiais que comp\u00f5em o grupo, doravante \u201cConcha y Toro\u201d ou a \u201cEmpresa\u201d, a tratar os meus dados pessoais para efetuar uma presta\u00e7\u00e3o adequada dos servi\u00e7os e produtos contratados pelo titular dos dados. Da [&hellip;]<\/p>\n","protected":false},"author":12,"featured_media":0,"parent":0,"menu_order":16,"comment_status":"closed","ping_status":"closed","template":"","meta":{"_acf_changed":false,"footnotes":""},"class_list":["post-6785","page","type-page","status-publish","hentry"],"acf":[],"yoast_head":"<!-- This site is optimized with the Yoast SEO plugin v26.7 - https:\/\/yoast.com\/wordpress\/plugins\/seo\/ -->\n<title>Prote\u00e7\u00e3o de dados pessoais - Don Melchor<\/title>\n<meta name=\"robots\" content=\"index, follow, max-snippet:-1, max-image-preview:large, max-video-preview:-1\" \/>\n<link rel=\"canonical\" href=\"https:\/\/donmelchor.com\/pt-pt\/personal-data-protection\/\" \/>\n<meta property=\"og:locale\" content=\"pt_PT\" \/>\n<meta property=\"og:type\" content=\"article\" \/>\n<meta property=\"og:title\" content=\"Prote\u00e7\u00e3o de dados pessoais - Don Melchor\" \/>\n<meta property=\"og:description\" content=\"Prote\u00e7\u00e3o de dados pessoais (GDPR) &nbsp; Autorizo expressamente, de forma livre e informada, a Vi\u00f1a Concha y Toro e as empresas e filiais que comp\u00f5em o grupo, doravante \u201cConcha y Toro\u201d ou a \u201cEmpresa\u201d, a tratar os meus dados pessoais para efetuar uma presta\u00e7\u00e3o adequada dos servi\u00e7os e produtos contratados pelo titular dos dados. Da [&hellip;]\" \/>\n<meta property=\"og:url\" content=\"https:\/\/donmelchor.com\/pt-pt\/personal-data-protection\/\" \/>\n<meta property=\"og:site_name\" content=\"Don Melchor\" \/>\n<meta property=\"article:modified_time\" content=\"2024-04-02T16:33:37+00:00\" \/>\n<meta property=\"og:image\" content=\"https:\/\/donmelchor.com\/wp-content\/uploads\/2023\/11\/descarga.jpg\" \/>\n\t<meta property=\"og:image:width\" content=\"250\" \/>\n\t<meta property=\"og:image:height\" content=\"250\" \/>\n\t<meta property=\"og:image:type\" content=\"image\/jpeg\" \/>\n<meta name=\"twitter:card\" content=\"summary_large_image\" \/>\n<meta name=\"twitter:label1\" content=\"Tempo estimado de leitura\" \/>\n\t<meta name=\"twitter:data1\" content=\"2 minutos\" \/>\n<!-- \/ Yoast SEO plugin. -->","yoast_head_json":{"title":"Prote\u00e7\u00e3o de dados pessoais - Don Melchor","robots":{"index":"index","follow":"follow","max-snippet":"max-snippet:-1","max-image-preview":"max-image-preview:large","max-video-preview":"max-video-preview:-1"},"canonical":"https:\/\/donmelchor.com\/pt-pt\/personal-data-protection\/","og_locale":"pt_PT","og_type":"article","og_title":"Prote\u00e7\u00e3o de dados pessoais - Don Melchor","og_description":"Prote\u00e7\u00e3o de dados pessoais (GDPR) &nbsp; Autorizo expressamente, de forma livre e informada, a Vi\u00f1a Concha y Toro e as empresas e filiais que comp\u00f5em o grupo, doravante \u201cConcha y Toro\u201d ou a \u201cEmpresa\u201d, a tratar os meus dados pessoais para efetuar uma presta\u00e7\u00e3o adequada dos servi\u00e7os e produtos contratados pelo titular dos dados. Da [&hellip;]","og_url":"https:\/\/donmelchor.com\/pt-pt\/personal-data-protection\/","og_site_name":"Don Melchor","article_modified_time":"2024-04-02T16:33:37+00:00","og_image":[{"width":250,"height":250,"url":"https:\/\/donmelchor.com\/wp-content\/uploads\/2023\/11\/descarga.jpg","type":"image\/jpeg"}],"twitter_card":"summary_large_image","twitter_misc":{"Tempo estimado de leitura":"2 minutos"},"schema":{"@context":"https:\/\/schema.org","@graph":[{"@type":"WebPage","@id":"https:\/\/donmelchor.com\/pt-pt\/personal-data-protection\/","url":"https:\/\/donmelchor.com\/pt-pt\/personal-data-protection\/","name":"Prote\u00e7\u00e3o de dados pessoais - Don Melchor","isPartOf":{"@id":"https:\/\/donmelchor.com\/#website"},"datePublished":"2024-03-28T15:37:15+00:00","dateModified":"2024-04-02T16:33:37+00:00","inLanguage":"pt-PT","potentialAction":[{"@type":"ReadAction","target":["https:\/\/donmelchor.com\/pt-pt\/personal-data-protection\/"]}]},{"@type":"WebSite","@id":"https:\/\/donmelchor.com\/#website","url":"https:\/\/donmelchor.com\/","name":"Don Melchor","description":"El Cabernet Sauvignon \u00edcono de Puente Alto","potentialAction":[{"@type":"SearchAction","target":{"@type":"EntryPoint","urlTemplate":"https:\/\/donmelchor.com\/?s={search_term_string}"},"query-input":{"@type":"PropertyValueSpecification","valueRequired":true,"valueName":"search_term_string"}}],"inLanguage":"pt-PT"}]}},"_links":{"self":[{"href":"https:\/\/donmelchor.com\/pt-pt\/wp-json\/wp\/v2\/pages\/6785","targetHints":{"allow":["GET"]}}],"collection":[{"href":"https:\/\/donmelchor.com\/pt-pt\/wp-json\/wp\/v2\/pages"}],"about":[{"href":"https:\/\/donmelchor.com\/pt-pt\/wp-json\/wp\/v2\/types\/page"}],"author":[{"embeddable":true,"href":"https:\/\/donmelchor.com\/pt-pt\/wp-json\/wp\/v2\/users\/12"}],"replies":[{"embeddable":true,"href":"https:\/\/donmelchor.com\/pt-pt\/wp-json\/wp\/v2\/comments?post=6785"}],"version-history":[{"count":7,"href":"https:\/\/donmelchor.com\/pt-pt\/wp-json\/wp\/v2\/pages\/6785\/revisions"}],"predecessor-version":[{"id":6915,"href":"https:\/\/donmelchor.com\/pt-pt\/wp-json\/wp\/v2\/pages\/6785\/revisions\/6915"}],"wp:attachment":[{"href":"https:\/\/donmelchor.com\/pt-pt\/wp-json\/wp\/v2\/media?parent=6785"}],"curies":[{"name":"wp","href":"https:\/\/api.w.org\/{rel}","templated":true}]}}