{"id":12322,"date":"2025-12-10T09:23:28","date_gmt":"2025-12-10T12:23:28","guid":{"rendered":"https:\/\/donmelchor.com\/?page_id=12322"},"modified":"2025-12-10T09:25:49","modified_gmt":"2025-12-10T12:25:49","slug":"privacy-policy","status":"publish","type":"page","link":"https:\/\/donmelchor.com\/pt-pt\/privacy-policy\/","title":{"rendered":"Pol\u00edtica de Privacidade"},"content":{"rendered":"<p><span style=\"font-weight: 400;\">Autorizo expressamente, de forma livre e informada, a <strong>Vi\u00f1a Don Melchor SpA<\/strong> e \u00e0s empresas e subsidi\u00e1rias que integram o grupo a tratar meus dados pessoais com o objetivo de realizar uma presta\u00e7\u00e3o adequada dos servi\u00e7os e produtos contratados pelo titular dos dados.<\/span><\/p>\n<p><span style=\"font-weight: 400;\">Tamb\u00e9m autorizo o tratamento dos meus dados pessoais para fins comerciais, com o prop\u00f3sito de receber ofertas de servi\u00e7os e produtos comercializados pela Vi\u00f1a Don Melchor SpA; benef\u00edcios associados a programas de fideliza\u00e7\u00e3o; e informa\u00e7\u00f5es sobre eventos, sorteios e pesquisas de satisfa\u00e7\u00e3o. Essas comunica\u00e7\u00f5es poder\u00e3o ser realizadas por e-mail, mensagens de texto (SMS), notifica\u00e7\u00f5es em aplicativos m\u00f3veis, redes sociais, chamadas telef\u00f4nicas ou meios similares.<\/span><\/p>\n<p><span style=\"font-weight: 400;\">Autorizo o uso dos meus dados para a elabora\u00e7\u00e3o de modelos de comportamento e predi\u00e7\u00e3o, bem como para fins estat\u00edsticos, hist\u00f3ricos ou de estudos de mercado. Nesses casos, os dados ser\u00e3o utilizados de forma anonimizada, de modo que n\u00e3o seja poss\u00edvel identificar a pessoa a quem pertencem.<\/span><\/p>\n<p><span style=\"font-weight: 400;\">Autorizo a Vi\u00f1a Don Melchor SpA a realizar verifica\u00e7\u00f5es sobre a legalidade e\/ou veracidade das informa\u00e7\u00f5es que forneci, isentando a empresa de qualquer responsabilidade por infra\u00e7\u00f5es ou preju\u00edzos decorrentes da ilegalidade, ilegitimidade, altera\u00e7\u00e3o, mau uso, fraude ou penalidades relacionadas \u00e0s informa\u00e7\u00f5es entregues.<\/span><\/p>\n<p><span style=\"font-weight: 400;\">Autorizo ainda o compartilhamento das minhas informa\u00e7\u00f5es pessoais nas seguintes situa\u00e7\u00f5es:<\/span><\/p>\n<ul>\n<li style=\"font-weight: 400;\" aria-level=\"1\"><span style=\"font-weight: 400;\">Com fornecedores que prestem servi\u00e7os necess\u00e1rios para a entrega dos produtos e servi\u00e7os da empresa.<\/span><\/li>\n<li style=\"font-weight: 400;\" aria-level=\"1\"><span style=\"font-weight: 400;\">Com empresas relacionadas e com o grupo empresarial cuja matriz \u00e9 a Vi\u00f1a Don Melchor SpA, no Chile e no exterior, a fim de oferecer e fornecer informa\u00e7\u00f5es sobre produtos e servi\u00e7os das empresas do grupo.<\/span><\/li>\n<li style=\"font-weight: 400;\" aria-level=\"1\"><span style=\"font-weight: 400;\">Para atualizar o estado das rela\u00e7\u00f5es contratuais e cumprir as obriga\u00e7\u00f5es pactuadas.<\/span><\/li>\n<\/ul>\n","protected":false},"excerpt":{"rendered":"<p>Autorizo expressamente, de forma livre e informada, a Vi\u00f1a Don Melchor SpA e \u00e0s empresas e subsidi\u00e1rias que integram o grupo a tratar meus dados pessoais com o objetivo de realizar uma presta\u00e7\u00e3o adequada dos servi\u00e7os e produtos contratados pelo titular dos dados. Tamb\u00e9m autorizo o tratamento dos meus dados pessoais para fins comerciais, com [&hellip;]<\/p>\n","protected":false},"author":12,"featured_media":0,"parent":0,"menu_order":7,"comment_status":"closed","ping_status":"closed","template":"","meta":{"_acf_changed":false,"footnotes":""},"class_list":["post-12322","page","type-page","status-publish","hentry"],"acf":[],"yoast_head":"<!-- This site is optimized with the Yoast SEO plugin v26.7 - https:\/\/yoast.com\/wordpress\/plugins\/seo\/ -->\n<title>Pol\u00edtica de Privacidade - Don Melchor<\/title>\n<meta name=\"robots\" content=\"index, follow, max-snippet:-1, max-image-preview:large, max-video-preview:-1\" \/>\n<link rel=\"canonical\" href=\"https:\/\/donmelchor.com\/pt-pt\/privacy-policy\/\" \/>\n<meta property=\"og:locale\" content=\"pt_PT\" \/>\n<meta property=\"og:type\" content=\"article\" \/>\n<meta property=\"og:title\" content=\"Pol\u00edtica de Privacidade - Don Melchor\" \/>\n<meta property=\"og:description\" content=\"Autorizo expressamente, de forma livre e informada, a Vi\u00f1a Don Melchor SpA e \u00e0s empresas e subsidi\u00e1rias que integram o grupo a tratar meus dados pessoais com o objetivo de realizar uma presta\u00e7\u00e3o adequada dos servi\u00e7os e produtos contratados pelo titular dos dados. Tamb\u00e9m autorizo o tratamento dos meus dados pessoais para fins comerciais, com [&hellip;]\" \/>\n<meta property=\"og:url\" content=\"https:\/\/donmelchor.com\/pt-pt\/privacy-policy\/\" \/>\n<meta property=\"og:site_name\" content=\"Don Melchor\" \/>\n<meta property=\"article:modified_time\" content=\"2025-12-10T12:25:49+00:00\" \/>\n<meta property=\"og:image\" content=\"https:\/\/donmelchor.com\/wp-content\/uploads\/2023\/11\/descarga.jpg\" \/>\n\t<meta property=\"og:image:width\" content=\"250\" \/>\n\t<meta property=\"og:image:height\" content=\"250\" \/>\n\t<meta property=\"og:image:type\" content=\"image\/jpeg\" \/>\n<meta name=\"twitter:card\" content=\"summary_large_image\" \/>\n<meta name=\"twitter:label1\" content=\"Tempo estimado de leitura\" \/>\n\t<meta name=\"twitter:data1\" content=\"2 minutos\" \/>\n<!-- \/ Yoast SEO plugin. -->","yoast_head_json":{"title":"Pol\u00edtica de Privacidade - Don Melchor","robots":{"index":"index","follow":"follow","max-snippet":"max-snippet:-1","max-image-preview":"max-image-preview:large","max-video-preview":"max-video-preview:-1"},"canonical":"https:\/\/donmelchor.com\/pt-pt\/privacy-policy\/","og_locale":"pt_PT","og_type":"article","og_title":"Pol\u00edtica de Privacidade - Don Melchor","og_description":"Autorizo expressamente, de forma livre e informada, a Vi\u00f1a Don Melchor SpA e \u00e0s empresas e subsidi\u00e1rias que integram o grupo a tratar meus dados pessoais com o objetivo de realizar uma presta\u00e7\u00e3o adequada dos servi\u00e7os e produtos contratados pelo titular dos dados. Tamb\u00e9m autorizo o tratamento dos meus dados pessoais para fins comerciais, com [&hellip;]","og_url":"https:\/\/donmelchor.com\/pt-pt\/privacy-policy\/","og_site_name":"Don Melchor","article_modified_time":"2025-12-10T12:25:49+00:00","og_image":[{"width":250,"height":250,"url":"https:\/\/donmelchor.com\/wp-content\/uploads\/2023\/11\/descarga.jpg","type":"image\/jpeg"}],"twitter_card":"summary_large_image","twitter_misc":{"Tempo estimado de leitura":"2 minutos"},"schema":{"@context":"https:\/\/schema.org","@graph":[{"@type":"WebPage","@id":"https:\/\/donmelchor.com\/pt-pt\/privacy-policy\/","url":"https:\/\/donmelchor.com\/pt-pt\/privacy-policy\/","name":"Pol\u00edtica de Privacidade - Don Melchor","isPartOf":{"@id":"https:\/\/donmelchor.com\/#website"},"datePublished":"2025-12-10T12:23:28+00:00","dateModified":"2025-12-10T12:25:49+00:00","inLanguage":"pt-PT","potentialAction":[{"@type":"ReadAction","target":["https:\/\/donmelchor.com\/pt-pt\/privacy-policy\/"]}]},{"@type":"WebSite","@id":"https:\/\/donmelchor.com\/#website","url":"https:\/\/donmelchor.com\/","name":"Don Melchor","description":"El Cabernet Sauvignon \u00edcono de Puente Alto","potentialAction":[{"@type":"SearchAction","target":{"@type":"EntryPoint","urlTemplate":"https:\/\/donmelchor.com\/?s={search_term_string}"},"query-input":{"@type":"PropertyValueSpecification","valueRequired":true,"valueName":"search_term_string"}}],"inLanguage":"pt-PT"}]}},"_links":{"self":[{"href":"https:\/\/donmelchor.com\/pt-pt\/wp-json\/wp\/v2\/pages\/12322","targetHints":{"allow":["GET"]}}],"collection":[{"href":"https:\/\/donmelchor.com\/pt-pt\/wp-json\/wp\/v2\/pages"}],"about":[{"href":"https:\/\/donmelchor.com\/pt-pt\/wp-json\/wp\/v2\/types\/page"}],"author":[{"embeddable":true,"href":"https:\/\/donmelchor.com\/pt-pt\/wp-json\/wp\/v2\/users\/12"}],"replies":[{"embeddable":true,"href":"https:\/\/donmelchor.com\/pt-pt\/wp-json\/wp\/v2\/comments?post=12322"}],"version-history":[{"count":2,"href":"https:\/\/donmelchor.com\/pt-pt\/wp-json\/wp\/v2\/pages\/12322\/revisions"}],"predecessor-version":[{"id":12324,"href":"https:\/\/donmelchor.com\/pt-pt\/wp-json\/wp\/v2\/pages\/12322\/revisions\/12324"}],"wp:attachment":[{"href":"https:\/\/donmelchor.com\/pt-pt\/wp-json\/wp\/v2\/media?parent=12322"}],"curies":[{"name":"wp","href":"https:\/\/api.w.org\/{rel}","templated":true}]}}